{"id":101,"date":"2024-03-01T01:29:03","date_gmt":"2024-03-01T01:29:03","guid":{"rendered":"https:\/\/santiagoysanjuanbautista.archimadrid.es\/?page_id=101"},"modified":"2024-03-01T01:39:47","modified_gmt":"2024-03-01T01:39:47","slug":"comunion","status":"publish","type":"page","link":"https:\/\/santiagoysanjuanbautista.archimadrid.es\/?page_id=101","title":{"rendered":"Comuni\u00f3n"},"content":{"rendered":"\t\t<div data-elementor-type=\"wp-page\" data-elementor-id=\"101\" class=\"elementor elementor-101\">\n\t\t\t\t<div class=\"elementor-element elementor-element-6423062 e-flex e-con-boxed e-con e-parent\" data-id=\"6423062\" data-element_type=\"container\" data-settings=\"{&quot;content_width&quot;:&quot;boxed&quot;}\" data-core-v316-plus=\"true\">\n\t\t\t\t\t<div class=\"e-con-inner\">\n\t\t\t\t<div class=\"elementor-element elementor-element-e6d0e81 elementor-widget elementor-widget-accordion\" data-id=\"e6d0e81\" data-element_type=\"widget\" data-widget_type=\"accordion.default\">\n\t\t\t\t<div class=\"elementor-widget-container\">\n\t\t\t<style>\/*! elementor - v3.19.0 - 28-02-2024 *\/\n.elementor-accordion{text-align:left}.elementor-accordion .elementor-accordion-item{border:1px solid #d5d8dc}.elementor-accordion .elementor-accordion-item+.elementor-accordion-item{border-top:none}.elementor-accordion .elementor-tab-title{margin:0;padding:15px 20px;font-weight:700;line-height:1;cursor:pointer;outline:none}.elementor-accordion .elementor-tab-title .elementor-accordion-icon{display:inline-block;width:1.5em}.elementor-accordion .elementor-tab-title .elementor-accordion-icon svg{width:1em;height:1em}.elementor-accordion .elementor-tab-title .elementor-accordion-icon.elementor-accordion-icon-right{float:right;text-align:right}.elementor-accordion .elementor-tab-title .elementor-accordion-icon.elementor-accordion-icon-left{float:left;text-align:left}.elementor-accordion .elementor-tab-title .elementor-accordion-icon .elementor-accordion-icon-closed{display:block}.elementor-accordion .elementor-tab-title .elementor-accordion-icon .elementor-accordion-icon-opened,.elementor-accordion .elementor-tab-title.elementor-active .elementor-accordion-icon-closed{display:none}.elementor-accordion .elementor-tab-title.elementor-active .elementor-accordion-icon-opened{display:block}.elementor-accordion .elementor-tab-content{display:none;padding:15px 20px;border-top:1px solid #d5d8dc}@media (max-width:767px){.elementor-accordion .elementor-tab-title{padding:12px 15px}.elementor-accordion .elementor-tab-title .elementor-accordion-icon{width:1.2em}.elementor-accordion .elementor-tab-content{padding:7px 15px}}.e-con-inner>.elementor-widget-accordion,.e-con>.elementor-widget-accordion{width:var(--container-widget-width);--flex-grow:var(--container-widget-flex-grow)}<\/style>\t\t<div class=\"elementor-accordion\">\n\t\t\t\t\t\t\t<div class=\"elementor-accordion-item\">\n\t\t\t\t\t<div id=\"elementor-tab-title-2421\" class=\"elementor-tab-title\" data-tab=\"1\" role=\"button\" aria-controls=\"elementor-tab-content-2421\" aria-expanded=\"false\">\n\t\t\t\t\t\t\t\t\t\t\t\t\t<span class=\"elementor-accordion-icon elementor-accordion-icon-left\" aria-hidden=\"true\">\n\t\t\t\t\t\t\t\t\t\t\t\t\t\t\t<span class=\"elementor-accordion-icon-closed\"><svg class=\"e-font-icon-svg e-fas-plus\" viewBox=\"0 0 448 512\" xmlns=\"http:\/\/www.w3.org\/2000\/svg\"><path d=\"M416 208H272V64c0-17.67-14.33-32-32-32h-32c-17.67 0-32 14.33-32 32v144H32c-17.67 0-32 14.33-32 32v32c0 17.67 14.33 32 32 32h144v144c0 17.67 14.33 32 32 32h32c17.67 0 32-14.33 32-32V304h144c17.67 0 32-14.33 32-32v-32c0-17.67-14.33-32-32-32z\"><\/path><\/svg><\/span>\n\t\t\t\t\t\t\t\t<span class=\"elementor-accordion-icon-opened\"><svg class=\"e-font-icon-svg e-fas-minus\" viewBox=\"0 0 448 512\" xmlns=\"http:\/\/www.w3.org\/2000\/svg\"><path d=\"M416 208H32c-17.67 0-32 14.33-32 32v32c0 17.67 14.33 32 32 32h384c17.67 0 32-14.33 32-32v-32c0-17.67-14.33-32-32-32z\"><\/path><\/svg><\/span>\n\t\t\t\t\t\t\t\t\t\t\t\t\t\t<\/span>\n\t\t\t\t\t\t\t\t\t\t\t\t<a class=\"elementor-accordion-title\" tabindex=\"0\">El servicio a la Comuni\u00f3n<\/a>\n\t\t\t\t\t<\/div>\n\t\t\t\t\t<div id=\"elementor-tab-content-2421\" class=\"elementor-tab-content elementor-clearfix\" data-tab=\"1\" role=\"region\" aria-labelledby=\"elementor-tab-title-2421\"><p><span style=\"font-size:12.0pt;font-family:&quot;Times New Roman&quot;,serif;\nmso-fareast-font-family:&quot;Times New Roman&quot;;mso-font-kerning:0pt;mso-ligatures:\nnone;mso-ansi-language:ES;mso-fareast-language:ES;mso-bidi-language:AR-SA\">La\nparroquia es una familia de familias, donde se acoge, se acompa\u00f1a y se integra\na todos los que buscan a Dios y quieren vivir seg\u00fan el Evangelio. La parroquia\nes una escuela de discipulado, donde se forma a los cristianos para que sean\ntestigos de Cristo en el mundo. La parroquia es una casa de oraci\u00f3n, donde se\nalaba y se adora a Dios, se intercede por las necesidades de la Iglesia y de la\nhumanidad, y se agradece por los dones recibidos.<\/span><br><\/p><p><span style=\"font-size:12.0pt;font-family:&quot;Times New Roman&quot;,serif;\nmso-fareast-font-family:&quot;Times New Roman&quot;;mso-font-kerning:0pt;mso-ligatures:\nnone;mso-ansi-language:ES;mso-fareast-language:ES;mso-bidi-language:AR-SA\"><br><\/span><\/p><\/div>\n\t\t\t\t<\/div>\n\t\t\t\t\t\t\t<div class=\"elementor-accordion-item\">\n\t\t\t\t\t<div id=\"elementor-tab-title-2422\" class=\"elementor-tab-title\" data-tab=\"2\" role=\"button\" aria-controls=\"elementor-tab-content-2422\" aria-expanded=\"false\">\n\t\t\t\t\t\t\t\t\t\t\t\t\t<span class=\"elementor-accordion-icon elementor-accordion-icon-left\" aria-hidden=\"true\">\n\t\t\t\t\t\t\t\t\t\t\t\t\t\t\t<span class=\"elementor-accordion-icon-closed\"><svg class=\"e-font-icon-svg e-fas-plus\" viewBox=\"0 0 448 512\" xmlns=\"http:\/\/www.w3.org\/2000\/svg\"><path d=\"M416 208H272V64c0-17.67-14.33-32-32-32h-32c-17.67 0-32 14.33-32 32v144H32c-17.67 0-32 14.33-32 32v32c0 17.67 14.33 32 32 32h144v144c0 17.67 14.33 32 32 32h32c17.67 0 32-14.33 32-32V304h144c17.67 0 32-14.33 32-32v-32c0-17.67-14.33-32-32-32z\"><\/path><\/svg><\/span>\n\t\t\t\t\t\t\t\t<span class=\"elementor-accordion-icon-opened\"><svg class=\"e-font-icon-svg e-fas-minus\" viewBox=\"0 0 448 512\" xmlns=\"http:\/\/www.w3.org\/2000\/svg\"><path d=\"M416 208H32c-17.67 0-32 14.33-32 32v32c0 17.67 14.33 32 32 32h384c17.67 0 32-14.33 32-32v-32c0-17.67-14.33-32-32-32z\"><\/path><\/svg><\/span>\n\t\t\t\t\t\t\t\t\t\t\t\t\t\t<\/span>\n\t\t\t\t\t\t\t\t\t\t\t\t<a class=\"elementor-accordion-title\" tabindex=\"0\">T\u00edtulo del acorde\u00f3n<\/a>\n\t\t\t\t\t<\/div>\n\t\t\t\t\t<div id=\"elementor-tab-content-2422\" class=\"elementor-tab-content elementor-clearfix\" data-tab=\"2\" role=\"region\" aria-labelledby=\"elementor-tab-title-2422\">Contenido del acorde\u00f3n<\/div>\n\t\t\t\t<\/div>\n\t\t\t\t\t\t\t\t<\/div>\n\t\t\t\t<\/div>\n\t\t\t\t<\/div>\n\t\t\t\t\t<\/div>\n\t\t\t\t<\/div>\n\t\t\t\t<\/div>\n\t\t","protected":false},"excerpt":{"rendered":"<p>El servicio a la Comuni\u00f3n La parroquia es una familia de familias, donde se acoge, se acompa\u00f1a y se integra a todos los que buscan a Dios y quieren vivir seg\u00fan el Evangelio. La parroquia es una escuela de discipulado, donde se forma a los cristianos para que sean testigos de Cristo en el mundo. [&hellip;]<\/p>\n","protected":false},"author":4,"featured_media":0,"parent":0,"menu_order":0,"comment_status":"closed","ping_status":"closed","template":"","meta":{"footnotes":""},"class_list":["post-101","page","type-page","status-publish","hentry"],"yoast_head":"<!-- This site is optimized with the Yoast SEO plugin v22.1 - https:\/\/yoast.com\/wordpress\/plugins\/seo\/ -->\n<title>Comuni\u00f3n -<\/title>\n<meta name=\"robots\" content=\"index, follow, max-snippet:-1, max-image-preview:large, max-video-preview:-1\" \/>\n<link rel=\"canonical\" href=\"https:\/\/santiagoysanjuanbautista.archimadrid.es\/?page_id=101\" \/>\n<meta property=\"og:locale\" content=\"es_ES\" \/>\n<meta property=\"og:type\" content=\"article\" \/>\n<meta property=\"og:title\" content=\"Comuni\u00f3n -\" \/>\n<meta property=\"og:description\" content=\"El servicio a la Comuni\u00f3n La parroquia es una familia de familias, donde se acoge, se acompa\u00f1a y se integra a todos los que buscan a Dios y quieren vivir seg\u00fan el Evangelio. La parroquia es una escuela de discipulado, donde se forma a los cristianos para que sean testigos de Cristo en el mundo. [&hellip;]\" \/>\n<meta property=\"og:url\" content=\"https:\/\/santiagoysanjuanbautista.archimadrid.es\/?page_id=101\" \/>\n<meta property=\"article:modified_time\" content=\"2024-03-01T01:39:47+00:00\" \/>\n<meta name=\"twitter:card\" content=\"summary_large_image\" \/>\n<meta name=\"twitter:label1\" content=\"Tiempo de lectura\" \/>\n\t<meta name=\"twitter:data1\" content=\"1 minuto\" \/>\n<script type=\"application\/ld+json\" class=\"yoast-schema-graph\">{\"@context\":\"https:\/\/schema.org\",\"@graph\":[{\"@type\":\"WebPage\",\"@id\":\"https:\/\/santiagoysanjuanbautista.archimadrid.es\/?page_id=101\",\"url\":\"https:\/\/santiagoysanjuanbautista.archimadrid.es\/?page_id=101\",\"name\":\"Comuni\u00f3n -\",\"isPartOf\":{\"@id\":\"https:\/\/santiagoysanjuanbautista.archimadrid.es\/#website\"},\"datePublished\":\"2024-03-01T01:29:03+00:00\",\"dateModified\":\"2024-03-01T01:39:47+00:00\",\"breadcrumb\":{\"@id\":\"https:\/\/santiagoysanjuanbautista.archimadrid.es\/?page_id=101#breadcrumb\"},\"inLanguage\":\"es\",\"potentialAction\":[{\"@type\":\"ReadAction\",\"target\":[\"https:\/\/santiagoysanjuanbautista.archimadrid.es\/?page_id=101\"]}]},{\"@type\":\"BreadcrumbList\",\"@id\":\"https:\/\/santiagoysanjuanbautista.archimadrid.es\/?page_id=101#breadcrumb\",\"itemListElement\":[{\"@type\":\"ListItem\",\"position\":1,\"name\":\"Portada\",\"item\":\"https:\/\/santiagoysanjuanbautista.archimadrid.es\/\"},{\"@type\":\"ListItem\",\"position\":2,\"name\":\"Comuni\u00f3n\"}]},{\"@type\":\"WebSite\",\"@id\":\"https:\/\/santiagoysanjuanbautista.archimadrid.es\/#website\",\"url\":\"https:\/\/santiagoysanjuanbautista.archimadrid.es\/\",\"name\":\"\",\"description\":\"     \",\"publisher\":{\"@id\":\"https:\/\/santiagoysanjuanbautista.archimadrid.es\/#organization\"},\"potentialAction\":[{\"@type\":\"SearchAction\",\"target\":{\"@type\":\"EntryPoint\",\"urlTemplate\":\"https:\/\/santiagoysanjuanbautista.archimadrid.es\/?s={search_term_string}\"},\"query-input\":\"required name=search_term_string\"}],\"inLanguage\":\"es\"},{\"@type\":\"Organization\",\"@id\":\"https:\/\/santiagoysanjuanbautista.archimadrid.es\/#organization\",\"name\":\"\",\"url\":\"https:\/\/santiagoysanjuanbautista.archimadrid.es\/\",\"logo\":{\"@type\":\"ImageObject\",\"inLanguage\":\"es\",\"@id\":\"https:\/\/santiagoysanjuanbautista.archimadrid.es\/#\/schema\/logo\/image\/\",\"url\":\"https:\/\/santiagoysanjuanbautista.archimadrid.es\/wp-content\/uploads\/2024\/02\/cropped-cropped-Logo-baner-web-1.png\",\"contentUrl\":\"https:\/\/santiagoysanjuanbautista.archimadrid.es\/wp-content\/uploads\/2024\/02\/cropped-cropped-Logo-baner-web-1.png\",\"width\":1599,\"height\":223,\"caption\":\"         \"},\"image\":{\"@id\":\"https:\/\/santiagoysanjuanbautista.archimadrid.es\/#\/schema\/logo\/image\/\"}}]}<\/script>\n<!-- \/ Yoast SEO plugin. -->","yoast_head_json":{"title":"Comuni\u00f3n -","robots":{"index":"index","follow":"follow","max-snippet":"max-snippet:-1","max-image-preview":"max-image-preview:large","max-video-preview":"max-video-preview:-1"},"canonical":"https:\/\/santiagoysanjuanbautista.archimadrid.es\/?page_id=101","og_locale":"es_ES","og_type":"article","og_title":"Comuni\u00f3n -","og_description":"El servicio a la Comuni\u00f3n La parroquia es una familia de familias, donde se acoge, se acompa\u00f1a y se integra a todos los que buscan a Dios y quieren vivir seg\u00fan el Evangelio. La parroquia es una escuela de discipulado, donde se forma a los cristianos para que sean testigos de Cristo en el mundo. [&hellip;]","og_url":"https:\/\/santiagoysanjuanbautista.archimadrid.es\/?page_id=101","article_modified_time":"2024-03-01T01:39:47+00:00","twitter_card":"summary_large_image","twitter_misc":{"Tiempo de lectura":"1 minuto"},"schema":{"@context":"https:\/\/schema.org","@graph":[{"@type":"WebPage","@id":"https:\/\/santiagoysanjuanbautista.archimadrid.es\/?page_id=101","url":"https:\/\/santiagoysanjuanbautista.archimadrid.es\/?page_id=101","name":"Comuni\u00f3n -","isPartOf":{"@id":"https:\/\/santiagoysanjuanbautista.archimadrid.es\/#website"},"datePublished":"2024-03-01T01:29:03+00:00","dateModified":"2024-03-01T01:39:47+00:00","breadcrumb":{"@id":"https:\/\/santiagoysanjuanbautista.archimadrid.es\/?page_id=101#breadcrumb"},"inLanguage":"es","potentialAction":[{"@type":"ReadAction","target":["https:\/\/santiagoysanjuanbautista.archimadrid.es\/?page_id=101"]}]},{"@type":"BreadcrumbList","@id":"https:\/\/santiagoysanjuanbautista.archimadrid.es\/?page_id=101#breadcrumb","itemListElement":[{"@type":"ListItem","position":1,"name":"Portada","item":"https:\/\/santiagoysanjuanbautista.archimadrid.es\/"},{"@type":"ListItem","position":2,"name":"Comuni\u00f3n"}]},{"@type":"WebSite","@id":"https:\/\/santiagoysanjuanbautista.archimadrid.es\/#website","url":"https:\/\/santiagoysanjuanbautista.archimadrid.es\/","name":"","description":"     ","publisher":{"@id":"https:\/\/santiagoysanjuanbautista.archimadrid.es\/#organization"},"potentialAction":[{"@type":"SearchAction","target":{"@type":"EntryPoint","urlTemplate":"https:\/\/santiagoysanjuanbautista.archimadrid.es\/?s={search_term_string}"},"query-input":"required name=search_term_string"}],"inLanguage":"es"},{"@type":"Organization","@id":"https:\/\/santiagoysanjuanbautista.archimadrid.es\/#organization","name":"","url":"https:\/\/santiagoysanjuanbautista.archimadrid.es\/","logo":{"@type":"ImageObject","inLanguage":"es","@id":"https:\/\/santiagoysanjuanbautista.archimadrid.es\/#\/schema\/logo\/image\/","url":"https:\/\/santiagoysanjuanbautista.archimadrid.es\/wp-content\/uploads\/2024\/02\/cropped-cropped-Logo-baner-web-1.png","contentUrl":"https:\/\/santiagoysanjuanbautista.archimadrid.es\/wp-content\/uploads\/2024\/02\/cropped-cropped-Logo-baner-web-1.png","width":1599,"height":223,"caption":"         "},"image":{"@id":"https:\/\/santiagoysanjuanbautista.archimadrid.es\/#\/schema\/logo\/image\/"}}]}},"_links":{"self":[{"href":"https:\/\/santiagoysanjuanbautista.archimadrid.es\/index.php?rest_route=\/wp\/v2\/pages\/101","targetHints":{"allow":["GET"]}}],"collection":[{"href":"https:\/\/santiagoysanjuanbautista.archimadrid.es\/index.php?rest_route=\/wp\/v2\/pages"}],"about":[{"href":"https:\/\/santiagoysanjuanbautista.archimadrid.es\/index.php?rest_route=\/wp\/v2\/types\/page"}],"author":[{"embeddable":true,"href":"https:\/\/santiagoysanjuanbautista.archimadrid.es\/index.php?rest_route=\/wp\/v2\/users\/4"}],"replies":[{"embeddable":true,"href":"https:\/\/santiagoysanjuanbautista.archimadrid.es\/index.php?rest_route=%2Fwp%2Fv2%2Fcomments&post=101"}],"version-history":[{"count":5,"href":"https:\/\/santiagoysanjuanbautista.archimadrid.es\/index.php?rest_route=\/wp\/v2\/pages\/101\/revisions"}],"predecessor-version":[{"id":118,"href":"https:\/\/santiagoysanjuanbautista.archimadrid.es\/index.php?rest_route=\/wp\/v2\/pages\/101\/revisions\/118"}],"wp:attachment":[{"href":"https:\/\/santiagoysanjuanbautista.archimadrid.es\/index.php?rest_route=%2Fwp%2Fv2%2Fmedia&parent=101"}],"curies":[{"name":"wp","href":"https:\/\/api.w.org\/{rel}","templated":true}]}}