{"id":21,"date":"2024-02-29T14:53:41","date_gmt":"2024-02-29T14:53:41","guid":{"rendered":"https:\/\/santiagoysanjuanbautista.archimadrid.es\/?page_id=21"},"modified":"2024-03-16T10:19:17","modified_gmt":"2024-03-16T10:19:17","slug":"pagina-de-inicio","status":"publish","type":"page","link":"https:\/\/santiagoysanjuanbautista.archimadrid.es\/","title":{"rendered":"Bienvenidos"},"content":{"rendered":"<p><strong>Bienvenidos a la Real Iglesia Parroquial de Santiago y San Juan Bautista.<\/strong><\/p>\n<p>En el coraz\u00f3n hist\u00f3rico de Madrid, nuestra iglesia se erige como una puerta abierta al mundo, en el siglo XXI, tanto por la acogida de turistas y peregrinos como por la evangelizaci\u00f3n de nuestros misioneros.<\/p>\n<p>Es una comunidad de comunidades donde los fieles viven su vida cristiana en comuni\u00f3n y servicio. Dedicados a la evangelizaci\u00f3n y enriquecimiento con la <strong>Palabra<\/strong> de Dios, a la <strong>Oraci\u00f3n<\/strong> y celebraci\u00f3n de los Sacramentos, viviendo en la <strong>Comuni\u00f3n<\/strong> de los bienes espirituales y materiales. Deseamos ser tambi\u00e9n un <strong>P\u00f3rtico<\/strong> que muestre la riqueza en la expresi\u00f3n cultural de la fe.<\/p>\n<p><img fetchpriority=\"high\" decoding=\"async\" class=\" wp-image-251 alignright\" src=\"https:\/\/santiagoysanjuanbautista.archimadrid.es\/wp-content\/uploads\/2024\/03\/Fachada-01.png\" alt=\"\" width=\"225\" height=\"270\" \/><\/p>\n<ul>\n<li><strong>Horario del Templo, Despacho y Confesiones<\/strong>:\n<ul>\n<li>Lunes a s\u00e1bado: 10:00 a 13:00 h y 18:00 a 20:00 h<\/li>\n<li>Domingos y festivos: 11:00 a 13:00 h y 18:00 a 20:00 h<\/li>\n<\/ul>\n<\/li>\n<li><strong>Misas<\/strong>:\n<ul>\n<li>Todos los d\u00edas: 12:00 h y 19:30 h<\/li>\n<li>Domingos y d\u00edas de precepto: 12:00 h, 13:00 h y 19:30 h.<\/li>\n<\/ul>\n<\/li>\n<li><strong>Semana Santa y Santo Triduo Pascual<\/strong>: adaptamos los horarios a los oficios.<\/li>\n<li><strong>C\u00e1ritas y Ropero<\/strong>: Mi\u00e9rcoles de 10:30 a 12:30 h.<\/li>\n<li><strong>Exposici\u00f3n del Sant\u00edsimo<\/strong>: Jueves\u00a0 19:00 &#8211; 19:30 h.<\/li>\n<li><strong>Catequesis de ni\u00f1os<\/strong>: Viernes: 18:00 &#8211; 19:00 h.<\/li>\n<li><strong>Camino Neocatecumenal<\/strong>: Eucarist\u00eda los s\u00e1bados: 20:30 en la cripta.\u00a0 \u00a0 \u00a0 <span style=\"color: #3366ff;\">\u27a4<\/span><\/li>\n<li><strong>Adoraci\u00f3n Nocturna<\/strong>: 3\u00ba viernes de cada mes: 21:00 &#8211; 01:00h.<\/li>\n<li><\/li>\n<\/ul>\n<p>&nbsp;<\/p>\n<p>Aqu\u00ed, los peregrinos pueden obtener su\u00a0<strong>credencial de peregrino<\/strong>\u00a0y recibir una bendici\u00f3n antes de comenzar su caminar. Es un punto de partida para muchos peregrinos que desean recorrer el\u00a0<strong>Camino de Santiago desde Madrid<\/strong>.<\/p>\n<p>Las solicitudes para el acceso a la informaci\u00f3n del <strong>Archivo Parroquial<\/strong> se pueden realizar por correo electr\u00f3nico o en el Despacho. Igual que la informaci\u00f3n y reserva para celebraciones como <strong>Bautizos<\/strong>, <strong>Bodas<\/strong> y <strong>Funerales<\/strong>.<\/p>\n<p>La a<strong>ctual iglesia<\/strong>, construida en el siglo XIX por el arquitecto Juan Antonio Cuervo, reemplaz\u00f3 a los templos anteriores de las respectivas Parroquias de Santiago y de San Juan Bautista. Destaca en su fachada principal un relieve que representa la\u00a0Batalla de Clavijo. En el interior, el\u00a0altar mayor alberga un gran cuadro realizado por el pintor Francisco Rizi, y en el baptisterio se encuentra el bello lienzo de Carre\u00f1o sobre el Bautismo del Se\u00f1or.<\/p>\n<p>&nbsp;<\/p>\n<style>.wp-show-posts-columns#wpsp-32 {margin-left: -2em; }.wp-show-posts-columns#wpsp-32 .wp-show-posts-inner {margin: 0 0 2em 2em; }<\/style><section id=\"wpsp-32\" class=\" wp-show-posts-columns wp-show-posts\" style=\"\"><article class=\" wp-show-posts-single post-154 post type-post status-publish format-standard hentry category-uncategorized wpsp-col-6\" itemtype=\"http:\/\/schema.org\/CreativeWork\" itemscope><div class=\"wp-show-posts-inner\" style=\"\">\t\t\t\t\t\t<header class=\"wp-show-posts-entry-header\">\n\t\t\t\t\t\t\t<h3 class=\"wp-show-posts-entry-title\" itemprop=\"headline\"><a href=\"https:\/\/santiagoysanjuanbautista.archimadrid.es\/?p=154\" rel=\"bookmark\">Para casarte en esta Parroquia<\/a><\/h3>\t\t\t\t\t\t<\/header><!-- .entry-header -->\n\t\t\t\t\t\t\t\t\t\t\t<div class=\"wp-show-posts-entry-summary\" itemprop=\"text\">\n\t\t\t\t\t\t\t<p>\u00a0\u00a0 1. Reservar la fecha del Matrimonio en la Iglesia con suficiente antelaci\u00f3n. Puedes consultarnos fechas disponibles por tel\u00e9fono, y cuadrarlas con el restaurante, pero la reserva solo se realiza&#8230;<\/p>\n\t\t\t\t\t\t<\/div><!-- .entry-summary -->\n\t\t\t\t\t<div class=\"wpsp-read-more\"><a title=\"Para casarte en esta Parroquia\" class=\"wp-show-posts-read-more\" href=\"https:\/\/santiagoysanjuanbautista.archimadrid.es\/?p=154\">Leer m\u00e1s<\/a><\/div><\/div><!-- wp-show-posts-inner --><\/article><article class=\" wp-show-posts-single post-29 post type-post status-publish format-standard hentry category-iyj wpsp-col-6\" itemtype=\"http:\/\/schema.org\/CreativeWork\" itemscope><div class=\"wp-show-posts-inner\" style=\"\">\t\t\t\t\t\t<header class=\"wp-show-posts-entry-header\">\n\t\t\t\t\t\t\t<h3 class=\"wp-show-posts-entry-title\" itemprop=\"headline\"><a href=\"https:\/\/santiagoysanjuanbautista.archimadrid.es\/?p=29\" rel=\"bookmark\">Lex Credendi, Lex Orandi, Lex Vivendi<\/a><\/h3>\t\t\t\t\t\t<\/header><!-- .entry-header -->\n\t\t\t\t\t\t\t\t\t\t\t<div class=\"wp-show-posts-entry-summary\" itemprop=\"text\">\n\t\t\t\t\t\t\t<p>Es un principio de la tradici\u00f3n cristiana que significa que la fe, la oraci\u00f3n y la vida est\u00e1n \u00edntimamente relacionadas y que la liturgia no es distinta de la teolog\u00eda&#8230;.<\/p>\n\t\t\t\t\t\t<\/div><!-- .entry-summary -->\n\t\t\t\t\t<div class=\"wpsp-read-more\"><a title=\"Lex Credendi, Lex Orandi, Lex Vivendi\" class=\"wp-show-posts-read-more\" href=\"https:\/\/santiagoysanjuanbautista.archimadrid.es\/?p=29\">Leer m\u00e1s<\/a><\/div><\/div><!-- wp-show-posts-inner --><\/article><article class=\" wp-show-posts-single post-27 post type-post status-publish format-standard hentry category-uncategorized wpsp-col-6\" itemtype=\"http:\/\/schema.org\/CreativeWork\" itemscope><div class=\"wp-show-posts-inner\" style=\"\">\t\t\t\t\t\t<header class=\"wp-show-posts-entry-header\">\n\t\t\t\t\t\t\t<h3 class=\"wp-show-posts-entry-title\" itemprop=\"headline\"><a href=\"https:\/\/santiagoysanjuanbautista.archimadrid.es\/?p=27\" rel=\"bookmark\">Colabora con la Iglesia<\/a><\/h3>\t\t\t\t\t\t<\/header><!-- .entry-header -->\n\t\t\t\t\t\t\t\t\t\t\t<div class=\"wp-show-posts-entry-summary\" itemprop=\"text\">\n\t\t\t\t\t\t\t<p>No recibimos ayudas Empleo del dinero Tasas Suscripciones X Tantos<\/p>\n\t\t\t\t\t\t<\/div><!-- .entry-summary -->\n\t\t\t\t\t<div class=\"wpsp-read-more\"><a title=\"Colabora con la Iglesia\" class=\"wp-show-posts-read-more\" href=\"https:\/\/santiagoysanjuanbautista.archimadrid.es\/?p=27\">Leer m\u00e1s<\/a><\/div><\/div><!-- wp-show-posts-inner --><\/article><article class=\" wp-show-posts-single post-1 post type-post status-publish format-standard hentry category-uncategorized wpsp-col-6\" itemtype=\"http:\/\/schema.org\/CreativeWork\" itemscope><div class=\"wp-show-posts-inner\" style=\"\">\t\t\t\t\t\t<header class=\"wp-show-posts-entry-header\">\n\t\t\t\t\t\t\t<h3 class=\"wp-show-posts-entry-title\" itemprop=\"headline\"><a href=\"https:\/\/santiagoysanjuanbautista.archimadrid.es\/?p=1\" rel=\"bookmark\">Hello world!<\/a><\/h3>\t\t\t\t\t\t<\/header><!-- .entry-header -->\n\t\t\t\t\t\t\t\t\t\t\t<div class=\"wp-show-posts-entry-summary\" itemprop=\"text\">\n\t\t\t\t\t\t\t<p>Welcome to WordPress. This is your first post. Edit or delete it, then start writing!<\/p>\n\t\t\t\t\t\t<\/div><!-- .entry-summary -->\n\t\t\t\t\t<div class=\"wpsp-read-more\"><a title=\"Hello world!\" class=\"wp-show-posts-read-more\" href=\"https:\/\/santiagoysanjuanbautista.archimadrid.es\/?p=1\">Leer m\u00e1s<\/a><\/div><\/div><!-- wp-show-posts-inner --><\/article><div class=\"wpsp-clear\"><\/div><\/section><!-- .wp-show-posts -->\n","protected":false},"excerpt":{"rendered":"<p>Bienvenidos a la Real Iglesia Parroquial de Santiago y San Juan Bautista. En el coraz\u00f3n hist\u00f3rico de Madrid, nuestra iglesia se erige como una puerta abierta al mundo, en el siglo XXI, tanto por la acogida de turistas y peregrinos como por la evangelizaci\u00f3n de nuestros misioneros. Es una comunidad de comunidades donde los fieles [&hellip;]<\/p>\n","protected":false},"author":4,"featured_media":0,"parent":0,"menu_order":0,"comment_status":"closed","ping_status":"closed","template":"","meta":{"footnotes":""},"class_list":["post-21","page","type-page","status-publish","hentry"],"yoast_head":"<!-- This site is optimized with the Yoast SEO plugin v22.1 - https:\/\/yoast.com\/wordpress\/plugins\/seo\/ -->\n<title>Bienvenidos -<\/title>\n<meta name=\"description\" content=\"Borrador de la p\u00e1gina de Inicio\" \/>\n<meta name=\"robots\" content=\"index, follow, max-snippet:-1, max-image-preview:large, max-video-preview:-1\" \/>\n<link rel=\"canonical\" href=\"https:\/\/santiagoysanjuanbautista.archimadrid.es\/\" \/>\n<meta property=\"og:locale\" content=\"es_ES\" \/>\n<meta property=\"og:type\" content=\"article\" \/>\n<meta property=\"og:title\" content=\"Bienvenidos -\" \/>\n<meta property=\"og:description\" content=\"Borrador de la p\u00e1gina de Inicio\" \/>\n<meta property=\"og:url\" content=\"https:\/\/santiagoysanjuanbautista.archimadrid.es\/\" \/>\n<meta property=\"article:modified_time\" content=\"2024-03-16T10:19:17+00:00\" \/>\n<meta property=\"og:image\" content=\"https:\/\/santiagoysanjuanbautista.archimadrid.es\/wp-content\/uploads\/2024\/03\/Fachada-01.png\" \/>\n<meta name=\"twitter:card\" content=\"summary_large_image\" \/>\n<meta name=\"twitter:label1\" content=\"Tiempo de lectura\" \/>\n\t<meta name=\"twitter:data1\" content=\"2 minutos\" \/>\n<script type=\"application\/ld+json\" class=\"yoast-schema-graph\">{\"@context\":\"https:\/\/schema.org\",\"@graph\":[{\"@type\":\"WebPage\",\"@id\":\"https:\/\/santiagoysanjuanbautista.archimadrid.es\/\",\"url\":\"https:\/\/santiagoysanjuanbautista.archimadrid.es\/\",\"name\":\"Bienvenidos -\",\"isPartOf\":{\"@id\":\"https:\/\/santiagoysanjuanbautista.archimadrid.es\/#website\"},\"datePublished\":\"2024-02-29T14:53:41+00:00\",\"dateModified\":\"2024-03-16T10:19:17+00:00\",\"description\":\"Borrador de la p\u00e1gina de Inicio\",\"breadcrumb\":{\"@id\":\"https:\/\/santiagoysanjuanbautista.archimadrid.es\/#breadcrumb\"},\"inLanguage\":\"es\",\"potentialAction\":[{\"@type\":\"ReadAction\",\"target\":[\"https:\/\/santiagoysanjuanbautista.archimadrid.es\/\"]}]},{\"@type\":\"BreadcrumbList\",\"@id\":\"https:\/\/santiagoysanjuanbautista.archimadrid.es\/#breadcrumb\",\"itemListElement\":[{\"@type\":\"ListItem\",\"position\":1,\"name\":\"Portada\",\"item\":\"https:\/\/santiagoysanjuanbautista.archimadrid.es\/\"},{\"@type\":\"ListItem\",\"position\":2,\"name\":\"Bienvenidos\"}]},{\"@type\":\"WebSite\",\"@id\":\"https:\/\/santiagoysanjuanbautista.archimadrid.es\/#website\",\"url\":\"https:\/\/santiagoysanjuanbautista.archimadrid.es\/\",\"name\":\"\",\"description\":\"     \",\"publisher\":{\"@id\":\"https:\/\/santiagoysanjuanbautista.archimadrid.es\/#organization\"},\"potentialAction\":[{\"@type\":\"SearchAction\",\"target\":{\"@type\":\"EntryPoint\",\"urlTemplate\":\"https:\/\/santiagoysanjuanbautista.archimadrid.es\/?s={search_term_string}\"},\"query-input\":\"required name=search_term_string\"}],\"inLanguage\":\"es\"},{\"@type\":\"Organization\",\"@id\":\"https:\/\/santiagoysanjuanbautista.archimadrid.es\/#organization\",\"name\":\"\",\"url\":\"https:\/\/santiagoysanjuanbautista.archimadrid.es\/\",\"logo\":{\"@type\":\"ImageObject\",\"inLanguage\":\"es\",\"@id\":\"https:\/\/santiagoysanjuanbautista.archimadrid.es\/#\/schema\/logo\/image\/\",\"url\":\"https:\/\/santiagoysanjuanbautista.archimadrid.es\/wp-content\/uploads\/2024\/02\/cropped-cropped-Logo-baner-web-1.png\",\"contentUrl\":\"https:\/\/santiagoysanjuanbautista.archimadrid.es\/wp-content\/uploads\/2024\/02\/cropped-cropped-Logo-baner-web-1.png\",\"width\":1599,\"height\":223,\"caption\":\"         \"},\"image\":{\"@id\":\"https:\/\/santiagoysanjuanbautista.archimadrid.es\/#\/schema\/logo\/image\/\"}}]}<\/script>\n<!-- \/ Yoast SEO plugin. -->","yoast_head_json":{"title":"Bienvenidos -","description":"Borrador de la p\u00e1gina de Inicio","robots":{"index":"index","follow":"follow","max-snippet":"max-snippet:-1","max-image-preview":"max-image-preview:large","max-video-preview":"max-video-preview:-1"},"canonical":"https:\/\/santiagoysanjuanbautista.archimadrid.es\/","og_locale":"es_ES","og_type":"article","og_title":"Bienvenidos -","og_description":"Borrador de la p\u00e1gina de Inicio","og_url":"https:\/\/santiagoysanjuanbautista.archimadrid.es\/","article_modified_time":"2024-03-16T10:19:17+00:00","og_image":[{"url":"https:\/\/santiagoysanjuanbautista.archimadrid.es\/wp-content\/uploads\/2024\/03\/Fachada-01.png"}],"twitter_card":"summary_large_image","twitter_misc":{"Tiempo de lectura":"2 minutos"},"schema":{"@context":"https:\/\/schema.org","@graph":[{"@type":"WebPage","@id":"https:\/\/santiagoysanjuanbautista.archimadrid.es\/","url":"https:\/\/santiagoysanjuanbautista.archimadrid.es\/","name":"Bienvenidos -","isPartOf":{"@id":"https:\/\/santiagoysanjuanbautista.archimadrid.es\/#website"},"datePublished":"2024-02-29T14:53:41+00:00","dateModified":"2024-03-16T10:19:17+00:00","description":"Borrador de la p\u00e1gina de Inicio","breadcrumb":{"@id":"https:\/\/santiagoysanjuanbautista.archimadrid.es\/#breadcrumb"},"inLanguage":"es","potentialAction":[{"@type":"ReadAction","target":["https:\/\/santiagoysanjuanbautista.archimadrid.es\/"]}]},{"@type":"BreadcrumbList","@id":"https:\/\/santiagoysanjuanbautista.archimadrid.es\/#breadcrumb","itemListElement":[{"@type":"ListItem","position":1,"name":"Portada","item":"https:\/\/santiagoysanjuanbautista.archimadrid.es\/"},{"@type":"ListItem","position":2,"name":"Bienvenidos"}]},{"@type":"WebSite","@id":"https:\/\/santiagoysanjuanbautista.archimadrid.es\/#website","url":"https:\/\/santiagoysanjuanbautista.archimadrid.es\/","name":"","description":"     ","publisher":{"@id":"https:\/\/santiagoysanjuanbautista.archimadrid.es\/#organization"},"potentialAction":[{"@type":"SearchAction","target":{"@type":"EntryPoint","urlTemplate":"https:\/\/santiagoysanjuanbautista.archimadrid.es\/?s={search_term_string}"},"query-input":"required name=search_term_string"}],"inLanguage":"es"},{"@type":"Organization","@id":"https:\/\/santiagoysanjuanbautista.archimadrid.es\/#organization","name":"","url":"https:\/\/santiagoysanjuanbautista.archimadrid.es\/","logo":{"@type":"ImageObject","inLanguage":"es","@id":"https:\/\/santiagoysanjuanbautista.archimadrid.es\/#\/schema\/logo\/image\/","url":"https:\/\/santiagoysanjuanbautista.archimadrid.es\/wp-content\/uploads\/2024\/02\/cropped-cropped-Logo-baner-web-1.png","contentUrl":"https:\/\/santiagoysanjuanbautista.archimadrid.es\/wp-content\/uploads\/2024\/02\/cropped-cropped-Logo-baner-web-1.png","width":1599,"height":223,"caption":"         "},"image":{"@id":"https:\/\/santiagoysanjuanbautista.archimadrid.es\/#\/schema\/logo\/image\/"}}]}},"_links":{"self":[{"href":"https:\/\/santiagoysanjuanbautista.archimadrid.es\/index.php?rest_route=\/wp\/v2\/pages\/21","targetHints":{"allow":["GET"]}}],"collection":[{"href":"https:\/\/santiagoysanjuanbautista.archimadrid.es\/index.php?rest_route=\/wp\/v2\/pages"}],"about":[{"href":"https:\/\/santiagoysanjuanbautista.archimadrid.es\/index.php?rest_route=\/wp\/v2\/types\/page"}],"author":[{"embeddable":true,"href":"https:\/\/santiagoysanjuanbautista.archimadrid.es\/index.php?rest_route=\/wp\/v2\/users\/4"}],"replies":[{"embeddable":true,"href":"https:\/\/santiagoysanjuanbautista.archimadrid.es\/index.php?rest_route=%2Fwp%2Fv2%2Fcomments&post=21"}],"version-history":[{"count":10,"href":"https:\/\/santiagoysanjuanbautista.archimadrid.es\/index.php?rest_route=\/wp\/v2\/pages\/21\/revisions"}],"predecessor-version":[{"id":31,"href":"https:\/\/santiagoysanjuanbautista.archimadrid.es\/index.php?rest_route=\/wp\/v2\/pages\/21\/revisions\/31"}],"wp:attachment":[{"href":"https:\/\/santiagoysanjuanbautista.archimadrid.es\/index.php?rest_route=%2Fwp%2Fv2%2Fmedia&parent=21"}],"curies":[{"name":"wp","href":"https:\/\/api.w.org\/{rel}","templated":true}]}}