{"id":25,"date":"2024-02-29T15:04:04","date_gmt":"2024-02-29T15:04:04","guid":{"rendered":"https:\/\/santiagoysanjuanbautista.archimadrid.es\/?page_id=25"},"modified":"2025-01-05T09:51:33","modified_gmt":"2025-01-05T09:51:33","slug":"portico-cultural","status":"publish","type":"page","link":"https:\/\/santiagoysanjuanbautista.archimadrid.es\/?page_id=25","title":{"rendered":"P\u00f3rtico"},"content":{"rendered":"<p>Describir la misi\u00f3n de la Iglesia \u00abad extra\u00bb y su expresi\u00f3n en la vida pastoral de la Parroquia:<\/p>\n<p>Historia de la Parroquia y del Barrio de Santiago<\/p>\n<p>Expresi\u00f3n art\u00edstica de la fe de la Iglesia<\/p>\n<p>Camino de Santiago<\/p>\n<p>Conciertos y otros actos culturales<\/p>\n","protected":false},"excerpt":{"rendered":"<p>Describir la misi\u00f3n de la Iglesia \u00abad extra\u00bb y su expresi\u00f3n en la vida pastoral de la Parroquia: Historia de la Parroquia y del Barrio de Santiago Expresi\u00f3n art\u00edstica de la fe de la Iglesia Camino de Santiago Conciertos y otros actos culturales<\/p>\n","protected":false},"author":4,"featured_media":0,"parent":0,"menu_order":0,"comment_status":"closed","ping_status":"closed","template":"","meta":{"footnotes":""},"class_list":["post-25","page","type-page","status-publish","hentry"],"yoast_head":"<!-- This site is optimized with the Yoast SEO plugin v22.1 - https:\/\/yoast.com\/wordpress\/plugins\/seo\/ -->\n<title>P\u00f3rtico -<\/title>\n<meta name=\"robots\" content=\"index, follow, max-snippet:-1, max-image-preview:large, max-video-preview:-1\" \/>\n<link rel=\"canonical\" href=\"https:\/\/santiagoysanjuanbautista.archimadrid.es\/?page_id=25\" \/>\n<meta property=\"og:locale\" content=\"es_ES\" \/>\n<meta property=\"og:type\" content=\"article\" \/>\n<meta property=\"og:title\" content=\"P\u00f3rtico -\" \/>\n<meta property=\"og:description\" content=\"Describir la misi\u00f3n de la Iglesia \u00abad extra\u00bb y su expresi\u00f3n en la vida pastoral de la Parroquia: Historia de la Parroquia y del Barrio de Santiago Expresi\u00f3n art\u00edstica de la fe de la Iglesia Camino de Santiago Conciertos y otros actos culturales\" \/>\n<meta property=\"og:url\" content=\"https:\/\/santiagoysanjuanbautista.archimadrid.es\/?page_id=25\" \/>\n<meta property=\"article:modified_time\" content=\"2025-01-05T09:51:33+00:00\" \/>\n<meta name=\"twitter:card\" content=\"summary_large_image\" \/>\n<meta name=\"twitter:label1\" content=\"Tiempo de lectura\" \/>\n\t<meta name=\"twitter:data1\" content=\"1 minuto\" \/>\n<script type=\"application\/ld+json\" class=\"yoast-schema-graph\">{\"@context\":\"https:\/\/schema.org\",\"@graph\":[{\"@type\":\"WebPage\",\"@id\":\"https:\/\/santiagoysanjuanbautista.archimadrid.es\/?page_id=25\",\"url\":\"https:\/\/santiagoysanjuanbautista.archimadrid.es\/?page_id=25\",\"name\":\"P\u00f3rtico -\",\"isPartOf\":{\"@id\":\"https:\/\/santiagoysanjuanbautista.archimadrid.es\/#website\"},\"datePublished\":\"2024-02-29T15:04:04+00:00\",\"dateModified\":\"2025-01-05T09:51:33+00:00\",\"breadcrumb\":{\"@id\":\"https:\/\/santiagoysanjuanbautista.archimadrid.es\/?page_id=25#breadcrumb\"},\"inLanguage\":\"es\",\"potentialAction\":[{\"@type\":\"ReadAction\",\"target\":[\"https:\/\/santiagoysanjuanbautista.archimadrid.es\/?page_id=25\"]}]},{\"@type\":\"BreadcrumbList\",\"@id\":\"https:\/\/santiagoysanjuanbautista.archimadrid.es\/?page_id=25#breadcrumb\",\"itemListElement\":[{\"@type\":\"ListItem\",\"position\":1,\"name\":\"Portada\",\"item\":\"https:\/\/santiagoysanjuanbautista.archimadrid.es\/\"},{\"@type\":\"ListItem\",\"position\":2,\"name\":\"P\u00f3rtico\"}]},{\"@type\":\"WebSite\",\"@id\":\"https:\/\/santiagoysanjuanbautista.archimadrid.es\/#website\",\"url\":\"https:\/\/santiagoysanjuanbautista.archimadrid.es\/\",\"name\":\"\",\"description\":\"     \",\"publisher\":{\"@id\":\"https:\/\/santiagoysanjuanbautista.archimadrid.es\/#organization\"},\"potentialAction\":[{\"@type\":\"SearchAction\",\"target\":{\"@type\":\"EntryPoint\",\"urlTemplate\":\"https:\/\/santiagoysanjuanbautista.archimadrid.es\/?s={search_term_string}\"},\"query-input\":\"required name=search_term_string\"}],\"inLanguage\":\"es\"},{\"@type\":\"Organization\",\"@id\":\"https:\/\/santiagoysanjuanbautista.archimadrid.es\/#organization\",\"name\":\"\",\"url\":\"https:\/\/santiagoysanjuanbautista.archimadrid.es\/\",\"logo\":{\"@type\":\"ImageObject\",\"inLanguage\":\"es\",\"@id\":\"https:\/\/santiagoysanjuanbautista.archimadrid.es\/#\/schema\/logo\/image\/\",\"url\":\"https:\/\/santiagoysanjuanbautista.archimadrid.es\/wp-content\/uploads\/2024\/02\/cropped-cropped-Logo-baner-web-1.png\",\"contentUrl\":\"https:\/\/santiagoysanjuanbautista.archimadrid.es\/wp-content\/uploads\/2024\/02\/cropped-cropped-Logo-baner-web-1.png\",\"width\":1599,\"height\":223,\"caption\":\"         \"},\"image\":{\"@id\":\"https:\/\/santiagoysanjuanbautista.archimadrid.es\/#\/schema\/logo\/image\/\"}}]}<\/script>\n<!-- \/ Yoast SEO plugin. -->","yoast_head_json":{"title":"P\u00f3rtico -","robots":{"index":"index","follow":"follow","max-snippet":"max-snippet:-1","max-image-preview":"max-image-preview:large","max-video-preview":"max-video-preview:-1"},"canonical":"https:\/\/santiagoysanjuanbautista.archimadrid.es\/?page_id=25","og_locale":"es_ES","og_type":"article","og_title":"P\u00f3rtico -","og_description":"Describir la misi\u00f3n de la Iglesia \u00abad extra\u00bb y su expresi\u00f3n en la vida pastoral de la Parroquia: Historia de la Parroquia y del Barrio de Santiago Expresi\u00f3n art\u00edstica de la fe de la Iglesia Camino de Santiago Conciertos y otros actos culturales","og_url":"https:\/\/santiagoysanjuanbautista.archimadrid.es\/?page_id=25","article_modified_time":"2025-01-05T09:51:33+00:00","twitter_card":"summary_large_image","twitter_misc":{"Tiempo de lectura":"1 minuto"},"schema":{"@context":"https:\/\/schema.org","@graph":[{"@type":"WebPage","@id":"https:\/\/santiagoysanjuanbautista.archimadrid.es\/?page_id=25","url":"https:\/\/santiagoysanjuanbautista.archimadrid.es\/?page_id=25","name":"P\u00f3rtico -","isPartOf":{"@id":"https:\/\/santiagoysanjuanbautista.archimadrid.es\/#website"},"datePublished":"2024-02-29T15:04:04+00:00","dateModified":"2025-01-05T09:51:33+00:00","breadcrumb":{"@id":"https:\/\/santiagoysanjuanbautista.archimadrid.es\/?page_id=25#breadcrumb"},"inLanguage":"es","potentialAction":[{"@type":"ReadAction","target":["https:\/\/santiagoysanjuanbautista.archimadrid.es\/?page_id=25"]}]},{"@type":"BreadcrumbList","@id":"https:\/\/santiagoysanjuanbautista.archimadrid.es\/?page_id=25#breadcrumb","itemListElement":[{"@type":"ListItem","position":1,"name":"Portada","item":"https:\/\/santiagoysanjuanbautista.archimadrid.es\/"},{"@type":"ListItem","position":2,"name":"P\u00f3rtico"}]},{"@type":"WebSite","@id":"https:\/\/santiagoysanjuanbautista.archimadrid.es\/#website","url":"https:\/\/santiagoysanjuanbautista.archimadrid.es\/","name":"","description":"     ","publisher":{"@id":"https:\/\/santiagoysanjuanbautista.archimadrid.es\/#organization"},"potentialAction":[{"@type":"SearchAction","target":{"@type":"EntryPoint","urlTemplate":"https:\/\/santiagoysanjuanbautista.archimadrid.es\/?s={search_term_string}"},"query-input":"required name=search_term_string"}],"inLanguage":"es"},{"@type":"Organization","@id":"https:\/\/santiagoysanjuanbautista.archimadrid.es\/#organization","name":"","url":"https:\/\/santiagoysanjuanbautista.archimadrid.es\/","logo":{"@type":"ImageObject","inLanguage":"es","@id":"https:\/\/santiagoysanjuanbautista.archimadrid.es\/#\/schema\/logo\/image\/","url":"https:\/\/santiagoysanjuanbautista.archimadrid.es\/wp-content\/uploads\/2024\/02\/cropped-cropped-Logo-baner-web-1.png","contentUrl":"https:\/\/santiagoysanjuanbautista.archimadrid.es\/wp-content\/uploads\/2024\/02\/cropped-cropped-Logo-baner-web-1.png","width":1599,"height":223,"caption":"         "},"image":{"@id":"https:\/\/santiagoysanjuanbautista.archimadrid.es\/#\/schema\/logo\/image\/"}}]}},"_links":{"self":[{"href":"https:\/\/santiagoysanjuanbautista.archimadrid.es\/index.php?rest_route=\/wp\/v2\/pages\/25","targetHints":{"allow":["GET"]}}],"collection":[{"href":"https:\/\/santiagoysanjuanbautista.archimadrid.es\/index.php?rest_route=\/wp\/v2\/pages"}],"about":[{"href":"https:\/\/santiagoysanjuanbautista.archimadrid.es\/index.php?rest_route=\/wp\/v2\/types\/page"}],"author":[{"embeddable":true,"href":"https:\/\/santiagoysanjuanbautista.archimadrid.es\/index.php?rest_route=\/wp\/v2\/users\/4"}],"replies":[{"embeddable":true,"href":"https:\/\/santiagoysanjuanbautista.archimadrid.es\/index.php?rest_route=%2Fwp%2Fv2%2Fcomments&post=25"}],"version-history":[{"count":3,"href":"https:\/\/santiagoysanjuanbautista.archimadrid.es\/index.php?rest_route=\/wp\/v2\/pages\/25\/revisions"}],"predecessor-version":[{"id":272,"href":"https:\/\/santiagoysanjuanbautista.archimadrid.es\/index.php?rest_route=\/wp\/v2\/pages\/25\/revisions\/272"}],"wp:attachment":[{"href":"https:\/\/santiagoysanjuanbautista.archimadrid.es\/index.php?rest_route=%2Fwp%2Fv2%2Fmedia&parent=25"}],"curies":[{"name":"wp","href":"https:\/\/api.w.org\/{rel}","templated":true}]}}