{"id":93,"date":"2024-02-29T23:24:14","date_gmt":"2024-02-29T23:24:14","guid":{"rendered":"https:\/\/santiagoysanjuanbautista.archimadrid.es\/?page_id=93"},"modified":"2024-03-10T13:07:03","modified_gmt":"2024-03-10T13:07:03","slug":"palabra","status":"publish","type":"page","link":"https:\/\/santiagoysanjuanbautista.archimadrid.es\/?page_id=93","title":{"rendered":"Palabra"},"content":{"rendered":"<p style=\"text-align: center;\"><em>\u00abTe conjuro delante de Dios y de Cristo Jes\u00fas, que ha de juzgar a vivos y muertos, por su Manifestaci\u00f3n y por su Reino: proclama la Palabra, insiste a tiempo y a destiempo, reprende, amenaza, exhorta con toda paciencia y doctrina.\u00bb<\/em> (2 Tim <strong>4<\/strong>,1-2)<\/p>\n<p>La evangelizaci\u00f3n y el ministerio de la Palabra son dos dimensiones esenciales de la vida de la parroquia, que responden al mandato de Cristo de ir por todo el mundo y hacer disc\u00edpulos a todas las naciones (Mt 28,19). La parroquia se esfuerza por transmitir la fe de diferentes formas, adaptadas a las edades, las situaciones y las necesidades de cada persona. Estas son algunas de las formas en que la parroquia evangeliza y forma a los fieles:<\/p>\n<p><img fetchpriority=\"high\" decoding=\"async\" class=\"size-full wp-image-253 alignright\" src=\"https:\/\/santiagoysanjuanbautista.archimadrid.es\/wp-content\/uploads\/2024\/03\/Fachada-02.png\" alt=\"\" width=\"250\" height=\"300\" \/>\u2022 La <strong>P.I.C.<\/strong> (Primera Iniciaci\u00f3n Cristiana de ni\u00f1os y j\u00f3venes) es un proceso de catequesis que acompa\u00f1a a los ni\u00f1os y j\u00f3venes desde los 6 hasta los 18 a\u00f1os, para que conozcan, amen y sigan a Jes\u00fas, y se integren en la comunidad cristiana. La PIC se desarrolla en grupos de edad, con encuentros semanales, celebraciones lit\u00fargicas, convivencias y actividades l\u00fadicas, siguiendo las orientaciones de la Di\u00f3cesis de Madrid.<\/p>\n<p>\u2022 La <strong>Catequesis de Adultos<\/strong> es un servicio que ofrece la parroquia a los adultos que quieren iniciarse o profundizar en la fe, o que quieren recibir alg\u00fan sacramento que les falta. La Catequesis de Adultos incluye el <strong>Curso de Novios<\/strong>, que prepara a las parejas que van a contraer matrimonio; las <strong>Charlas de Bautismo<\/strong>, que orientan a los padres y padrinos que van a bautizar a sus hijos o ahijados; y las <strong>Catequesis personales<\/strong> para j\u00f3venes y adultos que quieren prepararse al Bautismo, a la Primera Comuni\u00f3n o a la Confirmaci\u00f3n.<\/p>\n<p>\u2022 El <strong>Camino Neocatecumenal<\/strong> es una propuesta de formaci\u00f3n cristiana que se basa en la experiencia de las primeras comunidades cristianas, y que ayuda a los bautizados a redescubrir su fe y a vivirla en plenitud. El Camino Neocatecumenal se realiza en peque\u00f1as comunidades, que se re\u00fanen semanalmente para escuchar la Palabra de Dios, celebrar la Eucarist\u00eda y compartir la vida. El Camino Neocatecumenal tambi\u00e9n impulsa la misi\u00f3n y el anuncio del Evangelio, tanto dentro como fuera de la parroquia.<\/p>\n<p>\u2022 La <strong>Evangelizaci\u00f3n en Tiempo de Pascua<\/strong> es una iniciativa que se lleva a cabo cada a\u00f1o durante el tiempo lit\u00fargico de Pascua, y que consiste en salir a la calle, a la Plaza de Ramales, para proclamar la Buena Noticia de la Resurrecci\u00f3n de Cristo y ofrecer a las personas que pasan la posibilidad de acercarse a Dios y a la Iglesia. La Evangelizaci\u00f3n en Tiempo de Pascua se realiza con la colaboraci\u00f3n de los distintos grupos de la parroquia, principalmente con los hermanos del Camino Neocatecumenal, y con el apoyo de la m\u00fasica, los testimonios y los signos.<\/p>\n<p>\u2022 La <strong>Acogida Cristiana a los Peregrinos en el Camino de\u00a0<\/strong><b>Santiago<\/b>\u00a0es una tarea que realiza la parroquia en comuni\u00f3n con la Cofrad\u00eda de Santiago, y que consiste en recibir, orientar y acompa\u00f1ar a los peregrinos que llegan a Madrid por el Camino de Santiago, especialmente en los tiempos fuertes del a\u00f1o, como la Semana Santa o el A\u00f1o Santo Jacobeo. La Acogida Cristiana a los peregrinos se hace con un esp\u00edritu de hospitalidad, fraternidad y servicio, y con el deseo de compartir la fe y la esperanza.<\/p>\n<p>Estas son algunas de las formas en que la parroquia evangeliza y forma a los fieles, pero hay muchas m\u00e1s. Te animamos a que participes en alguna de ellas, o en la que m\u00e1s te llame la atenci\u00f3n, y a que invites a otras personas a hacerlo. La parroquia es un lugar donde todos podemos crecer en la fe y en el amor a Dios y al pr\u00f3jimo. Que el Se\u00f1or te bendiga.<\/p>\n","protected":false},"excerpt":{"rendered":"<p>\u00abTe conjuro delante de Dios y de Cristo Jes\u00fas, que ha de juzgar a vivos y muertos, por su Manifestaci\u00f3n y por su Reino: proclama la Palabra, insiste a tiempo y a destiempo, reprende, amenaza, exhorta con toda paciencia y doctrina.\u00bb (2 Tim 4,1-2) La evangelizaci\u00f3n y el ministerio de la Palabra son dos dimensiones [&hellip;]<\/p>\n","protected":false},"author":4,"featured_media":0,"parent":0,"menu_order":0,"comment_status":"closed","ping_status":"closed","template":"","meta":{"footnotes":""},"class_list":["post-93","page","type-page","status-publish","hentry"],"yoast_head":"<!-- This site is optimized with the Yoast SEO plugin v22.1 - https:\/\/yoast.com\/wordpress\/plugins\/seo\/ -->\n<title>Palabra -<\/title>\n<meta name=\"robots\" content=\"index, follow, max-snippet:-1, max-image-preview:large, max-video-preview:-1\" \/>\n<link rel=\"canonical\" href=\"https:\/\/santiagoysanjuanbautista.archimadrid.es\/?page_id=93\" \/>\n<meta property=\"og:locale\" content=\"es_ES\" \/>\n<meta property=\"og:type\" content=\"article\" \/>\n<meta property=\"og:title\" content=\"Palabra -\" \/>\n<meta property=\"og:description\" content=\"\u00abTe conjuro delante de Dios y de Cristo Jes\u00fas, que ha de juzgar a vivos y muertos, por su Manifestaci\u00f3n y por su Reino: proclama la Palabra, insiste a tiempo y a destiempo, reprende, amenaza, exhorta con toda paciencia y doctrina.\u00bb (2 Tim 4,1-2) La evangelizaci\u00f3n y el ministerio de la Palabra son dos dimensiones [&hellip;]\" \/>\n<meta property=\"og:url\" content=\"https:\/\/santiagoysanjuanbautista.archimadrid.es\/?page_id=93\" \/>\n<meta property=\"article:modified_time\" content=\"2024-03-10T13:07:03+00:00\" \/>\n<meta property=\"og:image\" content=\"https:\/\/santiagoysanjuanbautista.archimadrid.es\/wp-content\/uploads\/2024\/03\/Fachada-02.png\" \/>\n<meta name=\"twitter:card\" content=\"summary_large_image\" \/>\n<meta name=\"twitter:label1\" content=\"Tiempo de lectura\" \/>\n\t<meta name=\"twitter:data1\" content=\"4 minutos\" \/>\n<script type=\"application\/ld+json\" class=\"yoast-schema-graph\">{\"@context\":\"https:\/\/schema.org\",\"@graph\":[{\"@type\":\"WebPage\",\"@id\":\"https:\/\/santiagoysanjuanbautista.archimadrid.es\/?page_id=93\",\"url\":\"https:\/\/santiagoysanjuanbautista.archimadrid.es\/?page_id=93\",\"name\":\"Palabra -\",\"isPartOf\":{\"@id\":\"https:\/\/santiagoysanjuanbautista.archimadrid.es\/#website\"},\"datePublished\":\"2024-02-29T23:24:14+00:00\",\"dateModified\":\"2024-03-10T13:07:03+00:00\",\"breadcrumb\":{\"@id\":\"https:\/\/santiagoysanjuanbautista.archimadrid.es\/?page_id=93#breadcrumb\"},\"inLanguage\":\"es\",\"potentialAction\":[{\"@type\":\"ReadAction\",\"target\":[\"https:\/\/santiagoysanjuanbautista.archimadrid.es\/?page_id=93\"]}]},{\"@type\":\"BreadcrumbList\",\"@id\":\"https:\/\/santiagoysanjuanbautista.archimadrid.es\/?page_id=93#breadcrumb\",\"itemListElement\":[{\"@type\":\"ListItem\",\"position\":1,\"name\":\"Portada\",\"item\":\"https:\/\/santiagoysanjuanbautista.archimadrid.es\/\"},{\"@type\":\"ListItem\",\"position\":2,\"name\":\"Palabra\"}]},{\"@type\":\"WebSite\",\"@id\":\"https:\/\/santiagoysanjuanbautista.archimadrid.es\/#website\",\"url\":\"https:\/\/santiagoysanjuanbautista.archimadrid.es\/\",\"name\":\"\",\"description\":\"     \",\"publisher\":{\"@id\":\"https:\/\/santiagoysanjuanbautista.archimadrid.es\/#organization\"},\"potentialAction\":[{\"@type\":\"SearchAction\",\"target\":{\"@type\":\"EntryPoint\",\"urlTemplate\":\"https:\/\/santiagoysanjuanbautista.archimadrid.es\/?s={search_term_string}\"},\"query-input\":\"required name=search_term_string\"}],\"inLanguage\":\"es\"},{\"@type\":\"Organization\",\"@id\":\"https:\/\/santiagoysanjuanbautista.archimadrid.es\/#organization\",\"name\":\"\",\"url\":\"https:\/\/santiagoysanjuanbautista.archimadrid.es\/\",\"logo\":{\"@type\":\"ImageObject\",\"inLanguage\":\"es\",\"@id\":\"https:\/\/santiagoysanjuanbautista.archimadrid.es\/#\/schema\/logo\/image\/\",\"url\":\"https:\/\/santiagoysanjuanbautista.archimadrid.es\/wp-content\/uploads\/2024\/02\/cropped-cropped-Logo-baner-web-1.png\",\"contentUrl\":\"https:\/\/santiagoysanjuanbautista.archimadrid.es\/wp-content\/uploads\/2024\/02\/cropped-cropped-Logo-baner-web-1.png\",\"width\":1599,\"height\":223,\"caption\":\"         \"},\"image\":{\"@id\":\"https:\/\/santiagoysanjuanbautista.archimadrid.es\/#\/schema\/logo\/image\/\"}}]}<\/script>\n<!-- \/ Yoast SEO plugin. -->","yoast_head_json":{"title":"Palabra -","robots":{"index":"index","follow":"follow","max-snippet":"max-snippet:-1","max-image-preview":"max-image-preview:large","max-video-preview":"max-video-preview:-1"},"canonical":"https:\/\/santiagoysanjuanbautista.archimadrid.es\/?page_id=93","og_locale":"es_ES","og_type":"article","og_title":"Palabra -","og_description":"\u00abTe conjuro delante de Dios y de Cristo Jes\u00fas, que ha de juzgar a vivos y muertos, por su Manifestaci\u00f3n y por su Reino: proclama la Palabra, insiste a tiempo y a destiempo, reprende, amenaza, exhorta con toda paciencia y doctrina.\u00bb (2 Tim 4,1-2) La evangelizaci\u00f3n y el ministerio de la Palabra son dos dimensiones [&hellip;]","og_url":"https:\/\/santiagoysanjuanbautista.archimadrid.es\/?page_id=93","article_modified_time":"2024-03-10T13:07:03+00:00","og_image":[{"url":"https:\/\/santiagoysanjuanbautista.archimadrid.es\/wp-content\/uploads\/2024\/03\/Fachada-02.png"}],"twitter_card":"summary_large_image","twitter_misc":{"Tiempo de lectura":"4 minutos"},"schema":{"@context":"https:\/\/schema.org","@graph":[{"@type":"WebPage","@id":"https:\/\/santiagoysanjuanbautista.archimadrid.es\/?page_id=93","url":"https:\/\/santiagoysanjuanbautista.archimadrid.es\/?page_id=93","name":"Palabra -","isPartOf":{"@id":"https:\/\/santiagoysanjuanbautista.archimadrid.es\/#website"},"datePublished":"2024-02-29T23:24:14+00:00","dateModified":"2024-03-10T13:07:03+00:00","breadcrumb":{"@id":"https:\/\/santiagoysanjuanbautista.archimadrid.es\/?page_id=93#breadcrumb"},"inLanguage":"es","potentialAction":[{"@type":"ReadAction","target":["https:\/\/santiagoysanjuanbautista.archimadrid.es\/?page_id=93"]}]},{"@type":"BreadcrumbList","@id":"https:\/\/santiagoysanjuanbautista.archimadrid.es\/?page_id=93#breadcrumb","itemListElement":[{"@type":"ListItem","position":1,"name":"Portada","item":"https:\/\/santiagoysanjuanbautista.archimadrid.es\/"},{"@type":"ListItem","position":2,"name":"Palabra"}]},{"@type":"WebSite","@id":"https:\/\/santiagoysanjuanbautista.archimadrid.es\/#website","url":"https:\/\/santiagoysanjuanbautista.archimadrid.es\/","name":"","description":"     ","publisher":{"@id":"https:\/\/santiagoysanjuanbautista.archimadrid.es\/#organization"},"potentialAction":[{"@type":"SearchAction","target":{"@type":"EntryPoint","urlTemplate":"https:\/\/santiagoysanjuanbautista.archimadrid.es\/?s={search_term_string}"},"query-input":"required name=search_term_string"}],"inLanguage":"es"},{"@type":"Organization","@id":"https:\/\/santiagoysanjuanbautista.archimadrid.es\/#organization","name":"","url":"https:\/\/santiagoysanjuanbautista.archimadrid.es\/","logo":{"@type":"ImageObject","inLanguage":"es","@id":"https:\/\/santiagoysanjuanbautista.archimadrid.es\/#\/schema\/logo\/image\/","url":"https:\/\/santiagoysanjuanbautista.archimadrid.es\/wp-content\/uploads\/2024\/02\/cropped-cropped-Logo-baner-web-1.png","contentUrl":"https:\/\/santiagoysanjuanbautista.archimadrid.es\/wp-content\/uploads\/2024\/02\/cropped-cropped-Logo-baner-web-1.png","width":1599,"height":223,"caption":"         "},"image":{"@id":"https:\/\/santiagoysanjuanbautista.archimadrid.es\/#\/schema\/logo\/image\/"}}]}},"_links":{"self":[{"href":"https:\/\/santiagoysanjuanbautista.archimadrid.es\/index.php?rest_route=\/wp\/v2\/pages\/93","targetHints":{"allow":["GET"]}}],"collection":[{"href":"https:\/\/santiagoysanjuanbautista.archimadrid.es\/index.php?rest_route=\/wp\/v2\/pages"}],"about":[{"href":"https:\/\/santiagoysanjuanbautista.archimadrid.es\/index.php?rest_route=\/wp\/v2\/types\/page"}],"author":[{"embeddable":true,"href":"https:\/\/santiagoysanjuanbautista.archimadrid.es\/index.php?rest_route=\/wp\/v2\/users\/4"}],"replies":[{"embeddable":true,"href":"https:\/\/santiagoysanjuanbautista.archimadrid.es\/index.php?rest_route=%2Fwp%2Fv2%2Fcomments&post=93"}],"version-history":[{"count":2,"href":"https:\/\/santiagoysanjuanbautista.archimadrid.es\/index.php?rest_route=\/wp\/v2\/pages\/93\/revisions"}],"predecessor-version":[{"id":254,"href":"https:\/\/santiagoysanjuanbautista.archimadrid.es\/index.php?rest_route=\/wp\/v2\/pages\/93\/revisions\/254"}],"wp:attachment":[{"href":"https:\/\/santiagoysanjuanbautista.archimadrid.es\/index.php?rest_route=%2Fwp%2Fv2%2Fmedia&parent=93"}],"curies":[{"name":"wp","href":"https:\/\/api.w.org\/{rel}","templated":true}]}}